{"id":238,"date":"2026-03-25T13:59:56","date_gmt":"2026-03-25T16:59:56","guid":{"rendered":"https:\/\/gleidsonfacemaker.com\/?post_type=product&#038;p=238"},"modified":"2026-03-25T14:00:46","modified_gmt":"2026-03-25T17:00:46","slug":"arthur-palmeiras-face-pes-2021","status":"publish","type":"product","link":"https:\/\/gleidsonfacemaker.com\/en\/product\/arthur-palmeiras-face-pes-2021\/","title":{"rendered":"ARTHUR &#8211; PALMEIRAS | FACE PES 2021"},"content":{"rendered":"<p data-start=\"240\" data-end=\"525\">Face desenvolvida com alto n\u00edvel de precis\u00e3o do jogador Arthur, recriando com fidelidade suas caracter\u00edsticas faciais para proporcionar mais realismo no <em data-start=\"393\" data-end=\"413\">eFootball PES 2021<\/em>. Cada detalhe foi cuidadosamente trabalhado, incluindo estrutura facial, texturas e tra\u00e7os marcantes do atleta.<\/p>\n<p data-start=\"527\" data-end=\"662\">Ideal para quem busca uma experi\u00eancia mais imersiva e aut\u00eantica dentro do jogo, seja na Master Liga, modo carreira ou partidas casuais.<\/p>\n<h6 data-start=\"664\" data-end=\"687\">\ud83d\udd39 <strong data-start=\"667\" data-end=\"687\">Caracter\u00edsticas:<\/strong><\/h6>\n<ul data-start=\"688\" data-end=\"790\">\n<li data-section-id=\"jac6ht\" data-start=\"688\" data-end=\"714\">Alto n\u00edvel de realismo<\/li>\n<li data-section-id=\"eucvqe\" data-start=\"715\" data-end=\"754\">Texturas detalhadas e bem ajustadas<\/li>\n<li data-section-id=\"1hk69em\" data-start=\"755\" data-end=\"790\">Excelente fidelidade ao jogador<\/li>\n<\/ul>\n<h6 data-start=\"792\" data-end=\"815\">\ud83d\udd39 <strong data-start=\"795\" data-end=\"815\">Compatibilidade:<\/strong><\/h6>\n<ul data-start=\"816\" data-end=\"870\">\n<li data-section-id=\"11fvo3t\" data-start=\"816\" data-end=\"843\">eFootball PES 2021 (PC)<\/li>\n<li data-section-id=\"8w0uw7\" data-start=\"844\" data-end=\"870\">Compat\u00edvel com patches<\/li>\n<\/ul>","protected":false},"excerpt":{"rendered":"<p>Face realista de Arthur (Palmeiras) para PES 2021, com alto n\u00edvel de detalhes e excelente fidelidade ao jogador.<\/p>","protected":false},"featured_media":236,"comment_status":"open","ping_status":"closed","template":"","meta":[],"product_brand":[],"product_cat":[15],"product_tag":[],"class_list":{"0":"post-238","1":"product","2":"type-product","3":"status-publish","4":"has-post-thumbnail","6":"product_cat-faces-pes-2021","8":"first","9":"instock","10":"downloadable","11":"virtual","12":"purchasable","13":"product-type-simple"},"_links":{"self":[{"href":"https:\/\/gleidsonfacemaker.com\/en\/wp-json\/wp\/v2\/product\/238","targetHints":{"allow":["GET"]}}],"collection":[{"href":"https:\/\/gleidsonfacemaker.com\/en\/wp-json\/wp\/v2\/product"}],"about":[{"href":"https:\/\/gleidsonfacemaker.com\/en\/wp-json\/wp\/v2\/types\/product"}],"replies":[{"embeddable":true,"href":"https:\/\/gleidsonfacemaker.com\/en\/wp-json\/wp\/v2\/comments?post=238"}],"wp:featuredmedia":[{"embeddable":true,"href":"https:\/\/gleidsonfacemaker.com\/en\/wp-json\/wp\/v2\/media\/236"}],"wp:attachment":[{"href":"https:\/\/gleidsonfacemaker.com\/en\/wp-json\/wp\/v2\/media?parent=238"}],"wp:term":[{"taxonomy":"product_brand","embeddable":true,"href":"https:\/\/gleidsonfacemaker.com\/en\/wp-json\/wp\/v2\/product_brand?post=238"},{"taxonomy":"product_cat","embeddable":true,"href":"https:\/\/gleidsonfacemaker.com\/en\/wp-json\/wp\/v2\/product_cat?post=238"},{"taxonomy":"product_tag","embeddable":true,"href":"https:\/\/gleidsonfacemaker.com\/en\/wp-json\/wp\/v2\/product_tag?post=238"}],"curies":[{"name":"wp","href":"https:\/\/api.w.org\/{rel}","templated":true}]}}