{"id":239,"date":"2026-03-25T14:06:58","date_gmt":"2026-03-25T17:06:58","guid":{"rendered":"https:\/\/gleidsonfacemaker.com\/?post_type=product&#038;p=239"},"modified":"2026-03-25T14:06:59","modified_gmt":"2026-03-25T17:06:59","slug":"luis-fragozo-emelec-face-pes-2021","status":"publish","type":"product","link":"https:\/\/gleidsonfacemaker.com\/en\/product\/luis-fragozo-emelec-face-pes-2021\/","title":{"rendered":"LUIS FRAGOZO &#8211; EMELEC | FACE PES 2021"},"content":{"rendered":"<p data-start=\"960\" data-end=\"1211\">Face desenvolvida com alto n\u00edvel de precis\u00e3o do jogador Luis Fragozo, um atleta em ascens\u00e3o que vem ganhando destaque. O trabalho recria com fidelidade suas caracter\u00edsticas faciais, proporcionando mais realismo e autenticidade no <em data-start=\"1190\" data-end=\"1210\">eFootball PES 2021<\/em>.<\/p>\n<p data-start=\"1213\" data-end=\"1368\">Cada detalhe foi cuidadosamente ajustado para garantir uma apar\u00eancia fiel dentro do jogo, ideal para quem busca uma experi\u00eancia mais imersiva e atualizada.<\/p>\n<p data-start=\"1370\" data-end=\"1393\">\ud83d\udd39 <strong data-start=\"1373\" data-end=\"1393\">Caracter\u00edsticas:<\/strong><\/p>\n<ul data-start=\"1394\" data-end=\"1498\">\n<li data-section-id=\"jac6ht\" data-start=\"1394\" data-end=\"1420\">Alto n\u00edvel de realismo<\/li>\n<li data-section-id=\"jrk5sv\" data-start=\"1421\" data-end=\"1462\">Texturas detalhadas e bem trabalhadas<\/li>\n<li data-section-id=\"1hk69em\" data-start=\"1463\" data-end=\"1498\">Excelente fidelidade ao jogador<\/li>\n<\/ul>\n<p data-start=\"1500\" data-end=\"1523\">\ud83d\udd39 <strong data-start=\"1503\" data-end=\"1523\">Compatibilidade:<\/strong><\/p>\n<ul data-start=\"1524\" data-end=\"1578\">\n<li data-section-id=\"11fvo3t\" data-start=\"1524\" data-end=\"1551\">eFootball PES 2021 (PC)<\/li>\n<li data-section-id=\"8w0uw7\" data-start=\"1552\" data-end=\"1578\">Compat\u00edvel com patches<\/li>\n<\/ul>","protected":false},"excerpt":{"rendered":"<p>Face realista de Luis Fragozo (Emelec) para PES 2021, destacando o jogador como um talento promissor com excelente n\u00edvel de detalhes.<\/p>","protected":false},"featured_media":240,"comment_status":"open","ping_status":"closed","template":"","meta":[],"product_brand":[],"product_cat":[15],"product_tag":[],"class_list":{"0":"post-239","1":"product","2":"type-product","3":"status-publish","4":"has-post-thumbnail","6":"product_cat-faces-pes-2021","8":"first","9":"instock","10":"downloadable","11":"virtual","12":"purchasable","13":"product-type-simple"},"_links":{"self":[{"href":"https:\/\/gleidsonfacemaker.com\/en\/wp-json\/wp\/v2\/product\/239","targetHints":{"allow":["GET"]}}],"collection":[{"href":"https:\/\/gleidsonfacemaker.com\/en\/wp-json\/wp\/v2\/product"}],"about":[{"href":"https:\/\/gleidsonfacemaker.com\/en\/wp-json\/wp\/v2\/types\/product"}],"replies":[{"embeddable":true,"href":"https:\/\/gleidsonfacemaker.com\/en\/wp-json\/wp\/v2\/comments?post=239"}],"wp:featuredmedia":[{"embeddable":true,"href":"https:\/\/gleidsonfacemaker.com\/en\/wp-json\/wp\/v2\/media\/240"}],"wp:attachment":[{"href":"https:\/\/gleidsonfacemaker.com\/en\/wp-json\/wp\/v2\/media?parent=239"}],"wp:term":[{"taxonomy":"product_brand","embeddable":true,"href":"https:\/\/gleidsonfacemaker.com\/en\/wp-json\/wp\/v2\/product_brand?post=239"},{"taxonomy":"product_cat","embeddable":true,"href":"https:\/\/gleidsonfacemaker.com\/en\/wp-json\/wp\/v2\/product_cat?post=239"},{"taxonomy":"product_tag","embeddable":true,"href":"https:\/\/gleidsonfacemaker.com\/en\/wp-json\/wp\/v2\/product_tag?post=239"}],"curies":[{"name":"wp","href":"https:\/\/api.w.org\/{rel}","templated":true}]}}