{"id":286,"date":"2026-04-07T07:11:42","date_gmt":"2026-04-07T10:11:42","guid":{"rendered":"https:\/\/gleidsonfacemaker.com\/?post_type=product&#038;p=286"},"modified":"2026-04-07T07:11:42","modified_gmt":"2026-04-07T10:11:42","slug":"alisson-santos-napoli-face-pes-2021","status":"publish","type":"product","link":"https:\/\/gleidsonfacemaker.com\/en\/product\/alisson-santos-napoli-face-pes-2021\/","title":{"rendered":"ALISSON SANTOS &#8211; NAPOLI | FACE PES 2021"},"content":{"rendered":"<p data-start=\"241\" data-end=\"589\">Face de Alisson Santos, do Napoli, desenvolvida para <em data-start=\"294\" data-end=\"314\">eFootball PES 2021<\/em> com alto n\u00edvel de realismo e fidelidade. O atacante brasileiro vive um momento de ascens\u00e3o na carreira ap\u00f3s chegar ao clube italiano por empr\u00e9stimo vindo do Sporting, rapidamente chamando aten\u00e7\u00e3o por seu potencial e pelas boas atua\u00e7\u00f5es.<\/p>\n<p data-start=\"591\" data-end=\"798\">O modelo foi criado para reproduzir com precis\u00e3o os tra\u00e7os faciais do jogador, sendo ideal para quem deseja manter o elenco atualizado com uma das jovens promessas brasileiras em destaque no futebol europeu.<\/p>\n<p data-start=\"800\" data-end=\"1086\">Perfeita para Master Liga, modo carreira e outros modos de jogo, esta face adiciona ainda mais autenticidade ao seu patch ou mod de PES 2021. Alisson atua principalmente pelos lados do ataque, trazendo velocidade e profundidade ao elenco do Napoli.<\/p>","protected":false},"excerpt":{"rendered":"<p>Face realista de Alisson Santos (Napoli) para PES 2021, recriando o jovem atacante brasileiro que vem ganhando destaque no futebol italiano.<\/p>","protected":false},"featured_media":287,"comment_status":"open","ping_status":"closed","template":"","meta":[],"product_brand":[],"product_cat":[15],"product_tag":[],"class_list":{"0":"post-286","1":"product","2":"type-product","3":"status-publish","4":"has-post-thumbnail","6":"product_cat-faces-pes-2021","8":"first","9":"instock","10":"downloadable","11":"virtual","12":"purchasable","13":"product-type-simple"},"_links":{"self":[{"href":"https:\/\/gleidsonfacemaker.com\/en\/wp-json\/wp\/v2\/product\/286","targetHints":{"allow":["GET"]}}],"collection":[{"href":"https:\/\/gleidsonfacemaker.com\/en\/wp-json\/wp\/v2\/product"}],"about":[{"href":"https:\/\/gleidsonfacemaker.com\/en\/wp-json\/wp\/v2\/types\/product"}],"replies":[{"embeddable":true,"href":"https:\/\/gleidsonfacemaker.com\/en\/wp-json\/wp\/v2\/comments?post=286"}],"wp:featuredmedia":[{"embeddable":true,"href":"https:\/\/gleidsonfacemaker.com\/en\/wp-json\/wp\/v2\/media\/287"}],"wp:attachment":[{"href":"https:\/\/gleidsonfacemaker.com\/en\/wp-json\/wp\/v2\/media?parent=286"}],"wp:term":[{"taxonomy":"product_brand","embeddable":true,"href":"https:\/\/gleidsonfacemaker.com\/en\/wp-json\/wp\/v2\/product_brand?post=286"},{"taxonomy":"product_cat","embeddable":true,"href":"https:\/\/gleidsonfacemaker.com\/en\/wp-json\/wp\/v2\/product_cat?post=286"},{"taxonomy":"product_tag","embeddable":true,"href":"https:\/\/gleidsonfacemaker.com\/en\/wp-json\/wp\/v2\/product_tag?post=286"}],"curies":[{"name":"wp","href":"https:\/\/api.w.org\/{rel}","templated":true}]}}