{"id":302,"date":"2026-04-13T17:07:45","date_gmt":"2026-04-13T20:07:45","guid":{"rendered":"https:\/\/gleidsonfacemaker.com\/?post_type=product&#038;p=302"},"modified":"2026-04-13T17:07:45","modified_gmt":"2026-04-13T20:07:45","slug":"marcos-antonio-sao-paulo-face-pes-2021","status":"publish","type":"product","link":"https:\/\/gleidsonfacemaker.com\/en\/product\/marcos-antonio-sao-paulo-face-pes-2021\/","title":{"rendered":"MARCOS ANT\u00d4NIO &#8211; S\u00c3O PAULO | FACE PES 2021"},"content":{"rendered":"<p data-start=\"257\" data-end=\"515\">Face de Marcos Ant\u00f4nio, do S\u00e3o Paulo, desenvolvida para <em data-start=\"313\" data-end=\"333\">eFootball PES 2021<\/em> com foco em realismo e precis\u00e3o. Meio-campista de boa qualidade t\u00e9cnica e din\u00e2mica, o jogador se destaca pela movimenta\u00e7\u00e3o, controle de bola e participa\u00e7\u00e3o na constru\u00e7\u00e3o de jogadas.<\/p>\n<p data-start=\"517\" data-end=\"699\">O modelo foi cuidadosamente trabalhado para reproduzir suas caracter\u00edsticas faciais com fidelidade, garantindo uma representa\u00e7\u00e3o aut\u00eantica dentro do jogo e mais imers\u00e3o nas partidas.<\/p>\n<p data-start=\"701\" data-end=\"858\">Ideal para quem deseja atualizar o elenco com um jogador vers\u00e1til para o meio-campo, agregando qualidade \u00e0 Master Liga, modo carreira e demais modos do jogo.<\/p>\n<p data-start=\"860\" data-end=\"883\">\ud83d\udd39 <strong data-start=\"863\" data-end=\"883\">Caracter\u00edsticas:<\/strong><\/p>\n<ul data-start=\"884\" data-end=\"983\">\n<li data-section-id=\"otpcvt\" data-start=\"884\" data-end=\"915\">Face realista para PES 2021<\/li>\n<li data-section-id=\"1c4quhb\" data-start=\"916\" data-end=\"953\">Alto n\u00edvel de detalhamento facial<\/li>\n<li data-section-id=\"1063e2n\" data-start=\"954\" data-end=\"983\">Boa fidelidade ao jogador<\/li>\n<\/ul>\n<p data-start=\"985\" data-end=\"1008\">\ud83d\udd39 <strong data-start=\"988\" data-end=\"1008\">Compatibilidade:<\/strong><\/p>\n<ul data-start=\"1009\" data-end=\"1070\">\n<li data-section-id=\"11fvo3t\" data-start=\"1009\" data-end=\"1036\">eFootball PES 2021 (PC)<\/li>\n<li data-section-id=\"1tan3uf\" data-start=\"1037\" data-end=\"1070\">Compat\u00edvel com patches e mods<\/li>\n<\/ul>","protected":false},"excerpt":{"rendered":"<p>Face realista de Marcos Ant\u00f4nio (S\u00e3o Paulo) para PES 2021, recriando o meio-campista com alto n\u00edvel de detalhes e fidelidade ao seu estilo em campo.<\/p>","protected":false},"featured_media":303,"comment_status":"open","ping_status":"closed","template":"","meta":[],"product_brand":[],"product_cat":[15],"product_tag":[],"class_list":{"0":"post-302","1":"product","2":"type-product","3":"status-publish","4":"has-post-thumbnail","6":"product_cat-faces-pes-2021","8":"first","9":"instock","10":"downloadable","11":"virtual","12":"purchasable","13":"product-type-simple"},"_links":{"self":[{"href":"https:\/\/gleidsonfacemaker.com\/en\/wp-json\/wp\/v2\/product\/302","targetHints":{"allow":["GET"]}}],"collection":[{"href":"https:\/\/gleidsonfacemaker.com\/en\/wp-json\/wp\/v2\/product"}],"about":[{"href":"https:\/\/gleidsonfacemaker.com\/en\/wp-json\/wp\/v2\/types\/product"}],"replies":[{"embeddable":true,"href":"https:\/\/gleidsonfacemaker.com\/en\/wp-json\/wp\/v2\/comments?post=302"}],"wp:featuredmedia":[{"embeddable":true,"href":"https:\/\/gleidsonfacemaker.com\/en\/wp-json\/wp\/v2\/media\/303"}],"wp:attachment":[{"href":"https:\/\/gleidsonfacemaker.com\/en\/wp-json\/wp\/v2\/media?parent=302"}],"wp:term":[{"taxonomy":"product_brand","embeddable":true,"href":"https:\/\/gleidsonfacemaker.com\/en\/wp-json\/wp\/v2\/product_brand?post=302"},{"taxonomy":"product_cat","embeddable":true,"href":"https:\/\/gleidsonfacemaker.com\/en\/wp-json\/wp\/v2\/product_cat?post=302"},{"taxonomy":"product_tag","embeddable":true,"href":"https:\/\/gleidsonfacemaker.com\/en\/wp-json\/wp\/v2\/product_tag?post=302"}],"curies":[{"name":"wp","href":"https:\/\/api.w.org\/{rel}","templated":true}]}}