{"id":306,"date":"2026-04-15T11:00:01","date_gmt":"2026-04-15T14:00:01","guid":{"rendered":"https:\/\/gleidsonfacemaker.com\/?post_type=product&#038;p=306"},"modified":"2026-04-15T11:00:01","modified_gmt":"2026-04-15T14:00:01","slug":"jp-vasco-face-pes-2021","status":"publish","type":"product","link":"https:\/\/gleidsonfacemaker.com\/en\/product\/jp-vasco-face-pes-2021\/","title":{"rendered":"JP &#8211; VASCO | FACE PES 2021"},"content":{"rendered":"<p data-start=\"276\" data-end=\"629\">Face de <strong data-start=\"284\" data-end=\"290\">JP<\/strong>, nome de guerra de <strong data-start=\"310\" data-end=\"347\">Jo\u00e3o Pedro Murilo de Paula Morais<\/strong>, desenvolvida para <em data-start=\"367\" data-end=\"387\">eFootball PES 2021<\/em> com foco em realismo e fidelidade. Nascido em Goi\u00e2nia em 19 de abril de 2005, o meia chegou ao Vasco em 2019, foi destaque nas categorias de base e renovou seu contrato profissional at\u00e9 dezembro de 2027.<\/p>\n<p data-start=\"631\" data-end=\"831\">O jogador aparece listado pelo Vasco no elenco profissional como <strong data-start=\"696\" data-end=\"713\">meio-campista<\/strong>, refor\u00e7ando sua import\u00e2ncia no grupo e seu perfil de jovem talento em evolu\u00e7\u00e3o.<\/p>\n<p data-start=\"833\" data-end=\"980\">Ideal para quem busca atualizar o elenco com um nome promissor, adicionando mais autenticidade \u00e0 Master Liga, modo carreira e demais modos de jogo.<\/p>\n<h6 data-start=\"982\" data-end=\"1005\">\ud83d\udd39 <strong data-start=\"985\" data-end=\"1005\">Caracter\u00edsticas:<\/strong><\/h6>\n<ul data-start=\"1006\" data-end=\"1184\">\n<li data-section-id=\"otpcvt\" data-start=\"1006\" data-end=\"1037\">Face realista para PES 2021<\/li>\n<li data-section-id=\"1c4quhb\" data-start=\"1038\" data-end=\"1075\">Alto n\u00edvel de detalhamento facial<\/li>\n<li data-section-id=\"11d07pj\" data-start=\"1076\" data-end=\"1108\">Fidelidade visual ao jogador<\/li>\n<li data-section-id=\"1eza66c\" data-start=\"1109\" data-end=\"1184\">Perfil de jovem talento em evolu\u00e7\u00e3o<\/li>\n<\/ul>\n<h6 data-start=\"1186\" data-end=\"1209\">\ud83d\udd39 <strong data-start=\"1189\" data-end=\"1209\">Compatibilidade:<\/strong><\/h6>\n<ul data-start=\"1210\" data-end=\"1271\">\n<li data-section-id=\"11fvo3t\" data-start=\"1210\" data-end=\"1237\">eFootball PES 2021 (PC)<\/li>\n<li data-section-id=\"1tan3uf\" data-start=\"1238\" data-end=\"1271\">Compat\u00edvel com patches e mods<\/li>\n<\/ul>","protected":false},"excerpt":{"rendered":"<p>Face realista de JP (Vasco) para <strong data-start=\"58\" data-end=\"75\">FACE PES 2021<\/strong>, retratando o jovem meia formado na base cruzmaltina, com excelente n\u00edvel de detalhes e fidelidade.<\/p>","protected":false},"featured_media":307,"comment_status":"open","ping_status":"closed","template":"","meta":[],"product_brand":[],"product_cat":[15],"product_tag":[],"class_list":{"0":"post-306","1":"product","2":"type-product","3":"status-publish","4":"has-post-thumbnail","6":"product_cat-faces-pes-2021","8":"first","9":"instock","10":"downloadable","11":"virtual","12":"purchasable","13":"product-type-simple"},"_links":{"self":[{"href":"https:\/\/gleidsonfacemaker.com\/en\/wp-json\/wp\/v2\/product\/306","targetHints":{"allow":["GET"]}}],"collection":[{"href":"https:\/\/gleidsonfacemaker.com\/en\/wp-json\/wp\/v2\/product"}],"about":[{"href":"https:\/\/gleidsonfacemaker.com\/en\/wp-json\/wp\/v2\/types\/product"}],"replies":[{"embeddable":true,"href":"https:\/\/gleidsonfacemaker.com\/en\/wp-json\/wp\/v2\/comments?post=306"}],"wp:featuredmedia":[{"embeddable":true,"href":"https:\/\/gleidsonfacemaker.com\/en\/wp-json\/wp\/v2\/media\/307"}],"wp:attachment":[{"href":"https:\/\/gleidsonfacemaker.com\/en\/wp-json\/wp\/v2\/media?parent=306"}],"wp:term":[{"taxonomy":"product_brand","embeddable":true,"href":"https:\/\/gleidsonfacemaker.com\/en\/wp-json\/wp\/v2\/product_brand?post=306"},{"taxonomy":"product_cat","embeddable":true,"href":"https:\/\/gleidsonfacemaker.com\/en\/wp-json\/wp\/v2\/product_cat?post=306"},{"taxonomy":"product_tag","embeddable":true,"href":"https:\/\/gleidsonfacemaker.com\/en\/wp-json\/wp\/v2\/product_tag?post=306"}],"curies":[{"name":"wp","href":"https:\/\/api.w.org\/{rel}","templated":true}]}}