{"id":326,"date":"2026-04-23T09:08:11","date_gmt":"2026-04-23T12:08:11","guid":{"rendered":"https:\/\/gleidsonfacemaker.com\/?post_type=product&#038;p=326"},"modified":"2026-04-23T09:08:12","modified_gmt":"2026-04-23T12:08:12","slug":"vitao-flamengo-face-pes-2021","status":"publish","type":"product","link":"https:\/\/gleidsonfacemaker.com\/en\/product\/vitao-flamengo-face-pes-2021\/","title":{"rendered":"VIT\u00c3O &#8211; FLAMENGO | FACE PES 2021"},"content":{"rendered":"<p data-start=\"290\" data-end=\"602\">Face de <strong data-start=\"298\" data-end=\"307\">Vit\u00e3o<\/strong>, zagueiro do Flamengo, desenvolvida para <em data-start=\"349\" data-end=\"369\">eFootball PES 2021<\/em> com foco em realismo e precis\u00e3o. O defensor chegou ao clube como refor\u00e7o para a temporada de 2026, assinando contrato at\u00e9 dezembro de 2029, e passou a integrar o elenco profissional rubro-negro.<\/p>\n<p data-start=\"604\" data-end=\"1011\">O modelo foi cuidadosamente trabalhado para reproduzir com fidelidade seus tra\u00e7os faciais, incluindo as tatuagens reais no pesco\u00e7o, detalhe que aumenta ainda mais a autenticidade dentro do jogo. Ideal para quem deseja atualizar o elenco com um zagueiro de presen\u00e7a forte e visual marcante, valorizando a experi\u00eancia na Master Liga, modo carreira e demais modos de jogo.<\/p>\n<h6 data-start=\"1013\" data-end=\"1036\">\ud83d\udd39 <strong data-start=\"1016\" data-end=\"1036\">Caracter\u00edsticas:<\/strong><\/h6>\n<ul data-start=\"1037\" data-end=\"1170\">\n<li data-section-id=\"otpcvt\" data-start=\"1037\" data-end=\"1068\">Face realista para PES 2021<\/li>\n<li data-section-id=\"1c4quhb\" data-start=\"1069\" data-end=\"1106\">Alto n\u00edvel de detalhamento facial<\/li>\n<li data-section-id=\"11d07pj\" data-start=\"1107\" data-end=\"1139\">Fidelidade visual ao jogador<\/li>\n<li data-section-id=\"1u4ngst\" data-start=\"1140\" data-end=\"1170\">Tatuagens reais no pesco\u00e7o<\/li>\n<\/ul>\n<h6 data-start=\"1172\" data-end=\"1195\">\ud83d\udd39 <strong data-start=\"1175\" data-end=\"1195\">Compatibilidade:<\/strong><\/h6>\n<ul data-start=\"1196\" data-end=\"1257\">\n<li data-section-id=\"11fvo3t\" data-start=\"1196\" data-end=\"1223\">eFootball PES 2021 (PC)<\/li>\n<li data-section-id=\"1tan3uf\" data-start=\"1224\" data-end=\"1257\">Compat\u00edvel com patches e mods<\/li>\n<\/ul>","protected":false},"excerpt":{"rendered":"<p>Face realista de Vit\u00e3o (Flamengo) para <strong data-start=\"64\" data-end=\"81\">FACE PES 2021<\/strong>, recriando o zagueiro de 25 anos com alto n\u00edvel de detalhes, fidelidade e tatuagens reais no pesco\u00e7o.<\/p>","protected":false},"featured_media":327,"comment_status":"open","ping_status":"closed","template":"","meta":[],"product_brand":[],"product_cat":[15],"product_tag":[],"class_list":{"0":"post-326","1":"product","2":"type-product","3":"status-publish","4":"has-post-thumbnail","6":"product_cat-faces-pes-2021","8":"first","9":"instock","10":"downloadable","11":"virtual","12":"purchasable","13":"product-type-simple"},"_links":{"self":[{"href":"https:\/\/gleidsonfacemaker.com\/en\/wp-json\/wp\/v2\/product\/326","targetHints":{"allow":["GET"]}}],"collection":[{"href":"https:\/\/gleidsonfacemaker.com\/en\/wp-json\/wp\/v2\/product"}],"about":[{"href":"https:\/\/gleidsonfacemaker.com\/en\/wp-json\/wp\/v2\/types\/product"}],"replies":[{"embeddable":true,"href":"https:\/\/gleidsonfacemaker.com\/en\/wp-json\/wp\/v2\/comments?post=326"}],"wp:featuredmedia":[{"embeddable":true,"href":"https:\/\/gleidsonfacemaker.com\/en\/wp-json\/wp\/v2\/media\/327"}],"wp:attachment":[{"href":"https:\/\/gleidsonfacemaker.com\/en\/wp-json\/wp\/v2\/media?parent=326"}],"wp:term":[{"taxonomy":"product_brand","embeddable":true,"href":"https:\/\/gleidsonfacemaker.com\/en\/wp-json\/wp\/v2\/product_brand?post=326"},{"taxonomy":"product_cat","embeddable":true,"href":"https:\/\/gleidsonfacemaker.com\/en\/wp-json\/wp\/v2\/product_cat?post=326"},{"taxonomy":"product_tag","embeddable":true,"href":"https:\/\/gleidsonfacemaker.com\/en\/wp-json\/wp\/v2\/product_tag?post=326"}],"curies":[{"name":"wp","href":"https:\/\/api.w.org\/{rel}","templated":true}]}}