{"id":380,"date":"2026-05-06T17:17:41","date_gmt":"2026-05-06T20:17:41","guid":{"rendered":"https:\/\/gleidsonfacemaker.com\/?post_type=product&#038;p=380"},"modified":"2026-05-06T17:17:41","modified_gmt":"2026-05-06T20:17:41","slug":"murilo-palmeiras-face-pes-2021","status":"publish","type":"product","link":"https:\/\/gleidsonfacemaker.com\/en\/product\/murilo-palmeiras-face-pes-2021\/","title":{"rendered":"MURILO &#8211; PALMEIRAS | FACE PES 2021"},"content":{"rendered":"<p data-start=\"381\" data-end=\"717\">Face de <strong data-start=\"389\" data-end=\"414\">Murilo Cerqueira Paim<\/strong>, zagueiro do Palmeiras, desenvolvida para <em data-start=\"457\" data-end=\"477\">eFootball PES 2021<\/em> com foco em realismo e precis\u00e3o. Revelado pelo Cruzeiro, onde chegou aos 13 anos, Murilo acumulou passagens pelas sele\u00e7\u00f5es de base e construiu uma trajet\u00f3ria de consist\u00eancia antes de refor\u00e7ar o Verd\u00e3o.<\/p>\n<p data-start=\"719\" data-end=\"1090\">No Palmeiras, o defensor rapidamente se firmou como uma pe\u00e7a importante do setor defensivo, com destaque para a seguran\u00e7a na marca\u00e7\u00e3o, a firmeza pelo lado esquerdo da zaga e a presen\u00e7a ofensiva em bolas paradas. O clube informa ainda que Murilo foi o zagueiro com mais gols em uma \u00fanica temporada pelo Palmeiras, com 11 gols em 2022.<\/p>\n<h6 data-start=\"1479\" data-end=\"1502\">\ud83d\udd39 <strong data-start=\"1482\" data-end=\"1502\">Caracter\u00edsticas:<\/strong><\/h6>\n<ul data-start=\"1503\" data-end=\"1688\">\n<li data-section-id=\"11w05rr\" data-start=\"1503\" data-end=\"1535\">Face realista para PES 2021.<\/li>\n<li data-section-id=\"po4em9\" data-start=\"1536\" data-end=\"1574\">Alto n\u00edvel de detalhamento facial.<\/li>\n<li data-section-id=\"1l3ap2p\" data-start=\"1575\" data-end=\"1605\">Boa fidelidade ao jogador.<\/li>\n<li data-section-id=\"1jhvk66\" data-start=\"1606\" data-end=\"1688\">Perfil de zagueiro consolidado e decisivo.<\/li>\n<\/ul>\n<h6 data-start=\"1690\" data-end=\"1713\">\ud83d\udd39 <strong data-start=\"1693\" data-end=\"1713\">Compatibilidade:<\/strong><\/h6>\n<ul data-start=\"1714\" data-end=\"1777\">\n<li data-section-id=\"s1447b\" data-start=\"1714\" data-end=\"1742\">eFootball PES 2021 (PC).<\/li>\n<li data-section-id=\"ntsxbt\" data-start=\"1743\" data-end=\"1777\">Compat\u00edvel com patches e mods.<\/li>\n<\/ul>","protected":false},"excerpt":{"rendered":"<p>Face realista de Murilo (Palmeiras) para <strong data-start=\"66\" data-end=\"83\">FACE PES 2021<\/strong>, recriando o zagueiro com alto n\u00edvel de detalhes e fidelidade.<\/p>","protected":false},"featured_media":381,"comment_status":"open","ping_status":"closed","template":"","meta":[],"product_brand":[],"product_cat":[15],"product_tag":[],"class_list":{"0":"post-380","1":"product","2":"type-product","3":"status-publish","4":"has-post-thumbnail","6":"product_cat-faces-pes-2021","8":"first","9":"instock","10":"downloadable","11":"virtual","12":"purchasable","13":"product-type-simple"},"_links":{"self":[{"href":"https:\/\/gleidsonfacemaker.com\/en\/wp-json\/wp\/v2\/product\/380","targetHints":{"allow":["GET"]}}],"collection":[{"href":"https:\/\/gleidsonfacemaker.com\/en\/wp-json\/wp\/v2\/product"}],"about":[{"href":"https:\/\/gleidsonfacemaker.com\/en\/wp-json\/wp\/v2\/types\/product"}],"replies":[{"embeddable":true,"href":"https:\/\/gleidsonfacemaker.com\/en\/wp-json\/wp\/v2\/comments?post=380"}],"wp:featuredmedia":[{"embeddable":true,"href":"https:\/\/gleidsonfacemaker.com\/en\/wp-json\/wp\/v2\/media\/381"}],"wp:attachment":[{"href":"https:\/\/gleidsonfacemaker.com\/en\/wp-json\/wp\/v2\/media?parent=380"}],"wp:term":[{"taxonomy":"product_brand","embeddable":true,"href":"https:\/\/gleidsonfacemaker.com\/en\/wp-json\/wp\/v2\/product_brand?post=380"},{"taxonomy":"product_cat","embeddable":true,"href":"https:\/\/gleidsonfacemaker.com\/en\/wp-json\/wp\/v2\/product_cat?post=380"},{"taxonomy":"product_tag","embeddable":true,"href":"https:\/\/gleidsonfacemaker.com\/en\/wp-json\/wp\/v2\/product_tag?post=380"}],"curies":[{"name":"wp","href":"https:\/\/api.w.org\/{rel}","templated":true}]}}